{"id":2,"date":"2018-04-27T10:16:28","date_gmt":"2018-04-27T08:16:28","guid":{"rendered":"http:\/\/dinhold.fr\/?page_id=2"},"modified":"2018-05-05T14:24:51","modified_gmt":"2018-05-05T12:24:51","slug":"la-societe-douzet-cest","status":"publish","type":"page","link":"https:\/\/dinhold.fr\/?page_id=2","title":{"rendered":"La soci\u00e9t\u00e9 Douzet c&#8217;est  plus de 20 Ans d&#8217;exp\u00e9rience et &#8230;.."},"content":{"rendered":"<p style=\"text-align: center;\"><strong>Une r\u00e9compense aux Troph\u00e9es de l&#8217;entreprise de l&#8217;Ain 2017<\/strong><\/p>\n<h5 class=\"titleContent\" style=\"text-align: center;\">http:\/\/www.leprogres.fr\/actualite\/2017\/09\/30\/les-trophees-de-l-entreprise-de-l-ain-ovgm<\/h5>\n<p style=\"text-align: center;\"><strong>Messieurs Di Nota P\u00e8re et Fils<\/strong><\/p>\n<p><img loading=\"lazy\" decoding=\"async\" class=\"alignnone wp-image-12 aligncenter\" src=\"http:\/\/dinhold.fr\/wp-content\/uploads\/2018\/04\/22154325_1405101836203974_5870175532997452277_n-300x198.jpg\" alt=\"\" width=\"555\" height=\"366\" srcset=\"https:\/\/dinhold.fr\/wp-content\/uploads\/2018\/04\/22154325_1405101836203974_5870175532997452277_n-300x198.jpg 300w, https:\/\/dinhold.fr\/wp-content\/uploads\/2018\/04\/22154325_1405101836203974_5870175532997452277_n-768x507.jpg 768w, https:\/\/dinhold.fr\/wp-content\/uploads\/2018\/04\/22154325_1405101836203974_5870175532997452277_n-750x495.jpg 750w, https:\/\/dinhold.fr\/wp-content\/uploads\/2018\/04\/22154325_1405101836203974_5870175532997452277_n-400x264.jpg 400w, https:\/\/dinhold.fr\/wp-content\/uploads\/2018\/04\/22154325_1405101836203974_5870175532997452277_n-430x284.jpg 430w, https:\/\/dinhold.fr\/wp-content\/uploads\/2018\/04\/22154325_1405101836203974_5870175532997452277_n-150x99.jpg 150w, https:\/\/dinhold.fr\/wp-content\/uploads\/2018\/04\/22154325_1405101836203974_5870175532997452277_n-100x66.jpg 100w, https:\/\/dinhold.fr\/wp-content\/uploads\/2018\/04\/22154325_1405101836203974_5870175532997452277_n.jpg 940w\" sizes=\"(max-width: 555px) 100vw, 555px\" \/><\/p>\n<p>&nbsp;<\/p>\n<p style=\"text-align: center;\"><strong>Remise du prix \u00e0 1mn30<\/strong><\/p>\n<!--[if lt IE 9]><script>document.createElement('video');<\/script><![endif]-->\n\t<div class=\"wp-playlist wp-video-playlist wp-playlist-light\">\n\t\t<video controls=\"controls\" preload=\"none\" width=\"1118\"\n\t\t height=\"629\"\t><\/video>\n\t<div class=\"wp-playlist-next\"><\/div>\n\t<div class=\"wp-playlist-prev\"><\/div>\n\t<noscript>\n\t<ol>\n\t\t<li><a href='https:\/\/dinhold.fr\/wp-content\/uploads\/2018\/04\/Ain-R\u00e9novation-urbaine.mp4'>Ain R\u00e9novation urbaine<\/a><\/li>\t<\/ol>\n\t<\/noscript>\n\t<script type=\"application\/json\" class=\"wp-playlist-script\">{\"type\":\"video\",\"tracklist\":true,\"tracknumbers\":true,\"images\":true,\"artists\":true,\"tracks\":[{\"src\":\"https:\\\/\\\/dinhold.fr\\\/wp-content\\\/uploads\\\/2018\\\/04\\\/Ain-R\\u00e9novation-urbaine.mp4\",\"type\":\"video\\\/mp4\",\"title\":\"Ain R\\u00e9novation urbaine\",\"caption\":\"\",\"description\":\"\",\"meta\":{\"length_formatted\":\"3:42\"},\"dimensions\":{\"original\":{\"width\":1280,\"height\":720},\"resized\":{\"width\":1118,\"height\":629}},\"image\":{\"src\":\"https:\\\/\\\/dinhold.fr\\\/wp-includes\\\/images\\\/media\\\/video.png\",\"width\":48,\"height\":64},\"thumb\":{\"src\":\"https:\\\/\\\/dinhold.fr\\\/wp-includes\\\/images\\\/media\\\/video.png\",\"width\":48,\"height\":64}}]}<\/script>\n<\/div>\n\t\n","protected":false},"excerpt":{"rendered":"<p>Une r\u00e9compense aux Troph\u00e9es de l&#8217;entreprise de l&#8217;Ain 2017 http:\/\/www.leprogres.fr\/actualite\/2017\/09\/30\/les-trophees-de-l-entreprise-de-l-ain-ovgm Messieurs Di Nota P\u00e8re et Fils &nbsp; Remise du prix \u00e0 1mn30<\/p>\n","protected":false},"author":1,"featured_media":0,"parent":0,"menu_order":0,"comment_status":"closed","ping_status":"closed","template":"","meta":{"footnotes":""},"_links":{"self":[{"href":"https:\/\/dinhold.fr\/index.php?rest_route=\/wp\/v2\/pages\/2"}],"collection":[{"href":"https:\/\/dinhold.fr\/index.php?rest_route=\/wp\/v2\/pages"}],"about":[{"href":"https:\/\/dinhold.fr\/index.php?rest_route=\/wp\/v2\/types\/page"}],"author":[{"embeddable":true,"href":"https:\/\/dinhold.fr\/index.php?rest_route=\/wp\/v2\/users\/1"}],"replies":[{"embeddable":true,"href":"https:\/\/dinhold.fr\/index.php?rest_route=%2Fwp%2Fv2%2Fcomments&post=2"}],"version-history":[{"count":2,"href":"https:\/\/dinhold.fr\/index.php?rest_route=\/wp\/v2\/pages\/2\/revisions"}],"predecessor-version":[{"id":22,"href":"https:\/\/dinhold.fr\/index.php?rest_route=\/wp\/v2\/pages\/2\/revisions\/22"}],"wp:attachment":[{"href":"https:\/\/dinhold.fr\/index.php?rest_route=%2Fwp%2Fv2%2Fmedia&parent=2"}],"curies":[{"name":"wp","href":"https:\/\/api.w.org\/{rel}","templated":true}]}}